{"id":846,"date":"2018-02-26T08:51:24","date_gmt":"2018-02-26T08:51:24","guid":{"rendered":"http:\/\/10.44.205.152\/free-1\/blog\/"},"modified":"2026-04-17T19:26:52","modified_gmt":"2026-04-17T17:26:52","slug":"vtt-des-hayeffes-2026","status":"publish","type":"page","link":"https:\/\/www.indh.be\/vtt\/","title":{"rendered":"VTT DES HAYEFFES 2026"},"content":{"rendered":"<div  data-label=\"Content\" data-id=\"content--1\" data-export-id=\"content-12\" data-category=\"content\" class=\"content-12 content-section content-section-spacing\" id=\"content-1\" style=\"background-image: none; background-color: rgb(255, 255, 255);\"><div  class=\"\"> <div  class=\"row text-center\"><div  class=\"section-title-col\" data-type=\"column\"> <h2  class=\"\">Rejoignez-nous ce <span  style=\"font-weight: 900;\">7 juin 2026<\/span> pour la <span  style=\"font-weight: 900;\">20<\/span><sup >e<\/sup> \u00e9dition du <span  style=\"font-weight: 900;\">VTT<\/span> des <span  style=\"font-weight: 900;\">HAYEFFES<\/span> \u00e0 Mont-Saint-Guibert\n<\/h2> <p  class=\"\"><span  style=\"font-weight: 600;\">4 Parcours de 20 \u00e0 65km&nbsp;<\/span><\/p><\/div> <\/div> <div  class=\"row center-xs middle-xs\"> <div  class=\"col-sm-9\" data-type=\"column\"> <img  decoding=\"async\" class=\"shadow-large\" src=\"http:\/\/www.indh.be\/vtt\/wp-content\/uploads\/2026\/04\/Affiche-VTT-2026-Final-scaled-e1776432929708.jpg\"><p  class=\"\">\n<br ><br >Rue des Hayeffes, 31 \u2013 1435 Mont-Saint-Guibert<\/p><\/div> <\/div><\/div> <\/div><div  data-label=\"About\" data-id=\"about--1\" data-export-id=\"about-text-image\" data-category=\"about\" class=\"about-text-image content-section content-section-spacing content-relative dark-text\" id=\"about-1\" style=\"background-color: rgb(6, 82, 106); background-image: none;\" data-section-ov=\"1\"><div  class=\"gridContainer\"><div  data-section-title-area=\"true\" class=\"row text-center\">   <div  class=\"section-title-col\" data-type=\"column\">       <h2  class=\"\"><span  style=\"color: rgb(255, 255, 255);\">Inscriptions<\/span><\/h2>       <p  class=\"lead\"><span  style=\"color: rgb(255, 255, 255);\"><sup >L\u2019organisation s\u2019engage \u00e0 n\u2019utiliser ces informations que dans le cadre de l\u2019organisation du VTT des Hayeffes<\/sup><\/span><\/p>   <\/div><\/div> <div  class=\"row\"><div  class=\"col-sm-6 col-padding-small-xs col-sm-padding-large bg-color5 white-text content-col\" data-type=\"column\">  <h2  class=\"\"><span  style=\"font-weight: 600; color: rgb(6, 82, 106);\">Par cette inscription<\/span><br ><span  href=\"#\" style=\"font-family: &quot;Playfair Display&quot;, sans-serif; font-weight: 700; font-style: italic; color: rgb(6, 82, 106);\">je m\u2019engage \u00e0 :<\/span><\/h2><p  class=\"\"><span  style=\"font-family: Muli, arial, helvetica, sans-serif; color: rgb(6, 82, 106);\">\u2022\tRespecter le code de la route<\/span><br ><span  style=\"font-family: Muli, arial, helvetica, sans-serif; color: rgb(6, 82, 106);\">\n\u2022\tRester sur les chemins et sentiers existants balis\u00e9s. Donner priorit\u00e9 aux cavaliers et aux pi\u00e9tons.<\/span><br ><span  style=\"font-family: Muli, arial, helvetica, sans-serif; color: rgb(6, 82, 106);\">\n\u2022\tRespecter les propri\u00e9t\u00e9s priv\u00e9es. En aucun cas, les parcours ne passent par des propri\u00e9t\u00e9s priv\u00e9es.<\/span><br ><span  style=\"font-family: Muli, arial, helvetica, sans-serif; color: rgb(6, 82, 106);\">\n\u2022\tRespecter la faune et la flore<\/span><br ><span  style=\"font-family: Muli, arial, helvetica, sans-serif; color: rgb(6, 82, 106);\">\n\u2022\tNe pas abandonner de d\u00e9chets et autres polluants au cours de cette activit\u00e9.<\/span><br ><span  style=\"font-family: Muli, arial, helvetica, sans-serif; color: rgb(6, 82, 106);\">\n\u2022<span  style=\"font-weight: 900;\">\tLe port du casque obligatoire<\/span><\/span><\/p> <p  class=\"\"><span  style=\"color: rgb(6, 82, 106);\">En outre, j\u2019affirme \u00eatre en bonne forme physique et d\u00e9gage les organisateurs de toutes responsabilit\u00e9s en cas d\u2019accident, de probl\u00e8mes physiques me concernant et contre toute perte ou vol de mon mat\u00e9riel.<\/span><\/p><a  class=\"button color6 white-text\" href=\"https:\/\/cf-indh.sumupstore.com\/cat%C3%A9gorie\/vtt\" target=\"_blank\" data-cp-link=\"1\" data-icon=\"\">Vers le Shop<\/a><\/div> <div  class=\"col-sm-6 flexbox-strech center-xs middle-xs no-gutter-col\"><div  class=\"shadow-large overlap-left-large flexbox middle-xs center-xs right-img\" data-bg=\"image\" style=\"background-image: url(&quot;http:\/\/www.indh.be\/vtt\/wp-content\/uploads\/2026\/04\/cropped-plus_colore_dans_le_style_de_l_Nano_Banana_2_99491-1.png&quot;);\"><\/div><\/div> <\/div><\/div> <\/div><div  data-label=\"About\" data-id=\"about--2\" data-export-id=\"about-image-text\" data-category=\"about\" class=\"about-image-text content-section content-section-spacing white-text\" id=\"about-2\" style=\"background-color: rgb(6, 82, 106); background-image: none;\"><div  class=\"gridContainer\"><div  data-section-title-area=\"true\" class=\"row text-center\">   <div  class=\"section-title-col\" data-type=\"column\">       <h2  class=\"\">Registraties<\/h2>       <p  class=\"lead\"><sup >De organisatie bevestigd deze informatie enkel te gebruiken voor de organistatie van de VTT van Hayeffes.<\/sup><\/p>   <\/div><\/div> <div  class=\"row\"><div  class=\"col-sm-6 flexbox-strech center-xs middle-xs no-gutter-col\"> <div  class=\"shadow-large overlap-right-large flexbox middle-xs center-xs left-img\" data-bg=\"image\" style=\"background-image: url(&quot;http:\/\/www.indh.be\/vtt\/wp-content\/uploads\/2026\/04\/cropped-garde_les_mme_couleurs_et_la_m_Nano_Banana_2_52683.png&quot;);\"><\/div><\/div> <div  class=\"col-sm-6 space-bottom-xs col-padding-small-xs col-sm-padding-large bg-color5 white-text content-col\" data-type=\"column\"> <h2  class=\"\">Door deze<br ><span  href=\"#\" style=\"font-family: Playfair Display,sans-serif; font-weight: 700; font-style: italic;\">inschrijving verbind&nbsp;<\/span>ik me ertoe:&nbsp;<\/h2> <p  class=\"\"><span  style=\"font-family: Muli, arial, helvetica, sans-serif; font-weight: 400;\">\u2022\tDe wegcode te respecteren<\/span><br ><span  style=\"font-family: Muli, arial, helvetica, sans-serif; font-weight: 400;\">\n\u2022\tOp de bebakende wegen en paden te blijven. Voorrang te verlenen aan de voetgangers en de ruiters.<\/span><br ><span  style=\"font-family: Muli, arial, helvetica, sans-serif; font-weight: 400;\">\n\u2022\tGelieve de particuliere eigendommen te respecteren<\/span><br ><span  style=\"font-family: Muli, arial, helvetica, sans-serif; font-weight: 400;\">\n\u2022\tDe fauna en de flora te respecteren<\/span><br ><span  style=\"font-family: Muli, arial, helvetica, sans-serif; font-weight: 400;\">\n\u2022\tGeen afval of vervuilende verontreinigen stoffen gooien te laten tijdens deze activiteit<\/span><br ><span  style=\"font-family: Muli, arial, helvetica, sans-serif; font-weight: 900;\">\n\u2022\tHet dragen van de helm is verplicht<\/span><\/p><p  class=\"\"><span  style=\"font-family: Muli, arial, helvetica, sans-serif;\">Bovendien, verklaar ik me lichamelijk fit en gezond en stel ik de organisatoren niet verantwoordelijk in geval van ongeluk, verlies of diefstal van mijn materiaal.<\/span><\/p><a  class=\"button color-white dark-text\" href=\"https:\/\/cf-indh.sumupstore.com\/cat%C3%A9gorie\/vtt\" target=\"_blank\" data-cp-link=\"1\" data-icon=\"\">Naar de Shop<\/a><\/div> <\/div><\/div> <\/div>","protected":false},"excerpt":{"rendered":"<p>Rejoignez-nous ce 7 juin 2026 pour la 20e \u00e9dition du VTT des HAYEFFES \u00e0 Mont-Saint-Guibert 4 Parcours de 20 \u00e0 65km&nbsp; Rue des Hayeffes, 31 \u2013 1435 Mont-Saint-Guibert Inscriptions L\u2019organisation s\u2019engage \u00e0 n\u2019utiliser ces informations que dans le cadre de l\u2019organisation du VTT des Hayeffes Par cette inscriptionje m\u2019engage \u00e0 :\u2022 Respecter le code de&hellip; <br \/> <a class=\"read-more\" href=\"https:\/\/www.indh.be\/vtt\/\">Lire la suite<\/a><\/p>\n","protected":false},"author":4,"featured_media":0,"parent":0,"menu_order":0,"comment_status":"closed","ping_status":"closed","template":"","meta":{"footnotes":""},"class_list":["post-846","page","type-page","status-publish","hentry"],"_links":{"self":[{"href":"https:\/\/www.indh.be\/vtt\/wp-json\/wp\/v2\/pages\/846","targetHints":{"allow":["GET"]}}],"collection":[{"href":"https:\/\/www.indh.be\/vtt\/wp-json\/wp\/v2\/pages"}],"about":[{"href":"https:\/\/www.indh.be\/vtt\/wp-json\/wp\/v2\/types\/page"}],"author":[{"embeddable":true,"href":"https:\/\/www.indh.be\/vtt\/wp-json\/wp\/v2\/users\/4"}],"replies":[{"embeddable":true,"href":"https:\/\/www.indh.be\/vtt\/wp-json\/wp\/v2\/comments?post=846"}],"version-history":[{"count":35,"href":"https:\/\/www.indh.be\/vtt\/wp-json\/wp\/v2\/pages\/846\/revisions"}],"predecessor-version":[{"id":1073,"href":"https:\/\/www.indh.be\/vtt\/wp-json\/wp\/v2\/pages\/846\/revisions\/1073"}],"wp:attachment":[{"href":"https:\/\/www.indh.be\/vtt\/wp-json\/wp\/v2\/media?parent=846"}],"curies":[{"name":"wp","href":"https:\/\/api.w.org\/{rel}","templated":true}]}}